{"id":10736,"date":"2022-11-30T13:17:22","date_gmt":"2022-11-30T13:17:22","guid":{"rendered":"https:\/\/lejardindelaperriere.bzh\/?product=aromates-surprise"},"modified":"2023-04-21T09:23:50","modified_gmt":"2023-04-21T09:23:50","slug":"aromates-surprise","status":"publish","type":"product","link":"https:\/\/lejardindelaperriere.bzh\/?product=aromates-surprise","title":{"rendered":"aromates surprise!"},"content":{"rendered":"<p>la ferme compte (presque) 200 vari\u00e9t\u00e9s d aromate..laissez vous s\u00e9duire par l aventure du go\u00fbt!<\/p>\n","protected":false},"excerpt":{"rendered":"<p>la ferme compte (presque) 200 vari\u00e9t\u00e9s d aromate..laissez vous s\u00e9duire par l aventure du go\u00fbt!<\/p>\n","protected":false},"featured_media":10625,"comment_status":"open","ping_status":"closed","template":"","meta":{"inline_featured_image":false,"jetpack_post_was_ever_published":false},"product_cat":[52],"product_tag":[],"class_list":{"0":"post-10736","1":"product","2":"type-product","3":"status-publish","4":"has-post-thumbnail","6":"product_cat-plantes-aromatiques","8":"first","9":"instock","10":"taxable","11":"shipping-taxable","12":"purchasable","13":"product-type-simple"},"jetpack_sharing_enabled":true,"_links":{"self":[{"href":"https:\/\/lejardindelaperriere.bzh\/index.php?rest_route=\/wp\/v2\/product\/10736","targetHints":{"allow":["GET"]}}],"collection":[{"href":"https:\/\/lejardindelaperriere.bzh\/index.php?rest_route=\/wp\/v2\/product"}],"about":[{"href":"https:\/\/lejardindelaperriere.bzh\/index.php?rest_route=\/wp\/v2\/types\/product"}],"replies":[{"embeddable":true,"href":"https:\/\/lejardindelaperriere.bzh\/index.php?rest_route=%2Fwp%2Fv2%2Fcomments&post=10736"}],"wp:featuredmedia":[{"embeddable":true,"href":"https:\/\/lejardindelaperriere.bzh\/index.php?rest_route=\/wp\/v2\/media\/10625"}],"wp:attachment":[{"href":"https:\/\/lejardindelaperriere.bzh\/index.php?rest_route=%2Fwp%2Fv2%2Fmedia&parent=10736"}],"wp:term":[{"taxonomy":"product_cat","embeddable":true,"href":"https:\/\/lejardindelaperriere.bzh\/index.php?rest_route=%2Fwp%2Fv2%2Fproduct_cat&post=10736"},{"taxonomy":"product_tag","embeddable":true,"href":"https:\/\/lejardindelaperriere.bzh\/index.php?rest_route=%2Fwp%2Fv2%2Fproduct_tag&post=10736"}],"curies":[{"name":"wp","href":"https:\/\/api.w.org\/{rel}","templated":true}]}}