{"id":9244,"date":"2021-11-01T03:05:47","date_gmt":"2021-11-01T03:05:47","guid":{"rendered":"https:\/\/demo2wpopal.b-cdn.net\/ecolive\/?page_id=9244"},"modified":"2022-11-29T20:23:53","modified_gmt":"2022-11-29T20:23:53","slug":"offers","status":"publish","type":"page","link":"https:\/\/lejardindelaperriere.bzh\/?page_id=9244","title":{"rendered":"Offres du moment"},"content":{"rendered":"<div class=\"woocommerce columns-3 custom-quick-sale\"><div class=\"woocommerce-notices-wrapper\"><\/div><div class=\"ecolive-sorting\">            <a href=\"#\" class=\"filter-toggle\" aria-expanded=\"false\">\n                <i class=\"ecolive-icon-sliders-v\"><\/i><span>Filter<\/span><\/a>\n                        <a href=\"#\" class=\"filter-toggle-dropdown\" aria-expanded=\"false\">\n                <i class=\"ecolive-icon-sliders-v\"><\/i><span>Filter<\/span><\/a>\n            <p class=\"woocommerce-result-count\" >\n\t3\u00a0r\u00e9sultats affich\u00e9s<\/p>\n        <div class=\"gridlist-toggle desktop-hide-down\">\n            <a href=\"\/index.php?rest_route=%2Fwp%2Fv2%2Fpages%2F9244&#038;layout=grid\" id=\"grid\" class=\"active\" title=\"Grid View\"><i class=\"ecolive-icon-th-large\"><\/i><\/a>\n            <a href=\"\/index.php?rest_route=%2Fwp%2Fv2%2Fpages%2F9244&#038;layout=list\" id=\"list\" class=\"\" title=\"List View\"><i class=\"ecolive-icon-list-ul\"><\/i><\/a>\n        <\/div>\n        <form class=\"woocommerce-ordering\" method=\"get\">\n\t<select name=\"orderby\" class=\"orderby\" aria-label=\"Commande\">\n\t\t\t\t\t<option value=\"menu_order\"  selected='selected'>Tri par d\u00e9faut<\/option>\n\t\t\t\t\t<option value=\"popularity\" >Tri par popularit\u00e9<\/option>\n\t\t\t\t\t<option value=\"rating\" >Tri par notes moyennes<\/option>\n\t\t\t\t\t<option value=\"date\" >Tri du plus r\u00e9cent au plus ancien<\/option>\n\t\t\t\t\t<option value=\"price\" >Tri par tarif croissant<\/option>\n\t\t\t\t\t<option value=\"price-desc\" >Tri par tarif d\u00e9croissant<\/option>\n\t\t\t<\/select>\n\t<input type=\"hidden\" name=\"paged\" value=\"1\" \/>\n\t<input type=\"hidden\" name=\"rest_route\" value=\"\/wp\/v2\/pages\/9244\" \/><\/form>\n<\/div>\n<ul class=\"products columns-3\">\n\n\n<li class=\"product type-product post-10812 status-publish first instock product_cat-paniers-de-saison has-post-thumbnail sale taxable shipping-taxable purchasable product-type-simple\">\n\t<div class=\"product-block\">        <div class=\"product-transition\">\n\t<span class=\"onsale\">-5%<\/span>\n\t<div class=\"product-image\"><img fetchpriority=\"high\" decoding=\"async\" width=\"980\" height=\"1307\" src=\"https:\/\/i0.wp.com\/lejardindelaperriere.bzh\/wp-content\/uploads\/2022\/11\/39905-scaled.jpg?resize=980%2C1307&#038;ssl=1\" class=\"attachment-shop_catalog size-shop_catalog\" alt=\"\" srcset=\"https:\/\/i0.wp.com\/lejardindelaperriere.bzh\/wp-content\/uploads\/2022\/11\/39905-scaled.jpg?w=1920&amp;ssl=1 1920w, https:\/\/i0.wp.com\/lejardindelaperriere.bzh\/wp-content\/uploads\/2022\/11\/39905-scaled.jpg?resize=225%2C300&amp;ssl=1 225w, https:\/\/i0.wp.com\/lejardindelaperriere.bzh\/wp-content\/uploads\/2022\/11\/39905-scaled.jpg?resize=768%2C1024&amp;ssl=1 768w, https:\/\/i0.wp.com\/lejardindelaperriere.bzh\/wp-content\/uploads\/2022\/11\/39905-scaled.jpg?resize=1152%2C1536&amp;ssl=1 1152w, https:\/\/i0.wp.com\/lejardindelaperriere.bzh\/wp-content\/uploads\/2022\/11\/39905-scaled.jpg?resize=1536%2C2048&amp;ssl=1 1536w, https:\/\/i0.wp.com\/lejardindelaperriere.bzh\/wp-content\/uploads\/2022\/11\/39905-scaled.jpg?resize=800%2C1067&amp;ssl=1 800w\" sizes=\"(max-width: 980px) 100vw, 980px\" data-recalc-dims=\"1\" \/><\/div>        <div class=\"group-action\">\n            <div class=\"shop-action\">\n                <button class=\"woosw-btn woosw-btn-10812\" data-id=\"10812\" data-product_name=\"petit panier pour un mois\" data-product_image=\"https:\/\/i0.wp.com\/lejardindelaperriere.bzh\/wp-content\/uploads\/2022\/11\/39905-scaled.jpg?resize=150%2C150&amp;ssl=1\" aria-label=\"Add to wishlist\">Add to wishlist<\/button><button class=\"woosq-btn woosq-btn-10812\" data-id=\"10812\" data-effect=\"mfp-3d-unfold\" data-context=\"default\">Quick view<\/button><button class=\"woosc-btn woosc-btn-10812 \" data-id=\"10812\" data-product_name=\"petit panier pour un mois\" data-product_image=\"https:\/\/i0.wp.com\/lejardindelaperriere.bzh\/wp-content\/uploads\/2022\/11\/39905-scaled.jpg?resize=150%2C150&amp;ssl=1\">Compare<\/button>            <\/div>\n        <\/div>\n        <a href=\"https:\/\/lejardindelaperriere.bzh\/?product=petit-panier-pour-un-mois\" class=\"woocommerce-LoopProduct-link woocommerce-loop-product__link\"><\/a><\/div>\n        <div class=\"product-caption\"><div class=\"posted-in\"><a href=\"https:\/\/lejardindelaperriere.bzh\/?product_cat=paniers-de-saison\" rel=\"tag\">Paniers de Saison<\/a><\/div><h3 class=\"woocommerce-loop-product__title\"><a href=\"https:\/\/lejardindelaperriere.bzh\/?product=petit-panier-pour-un-mois\">petit panier pour un mois<\/a><\/h3>\n\t<span class=\"price\"><del aria-hidden=\"true\"><span class=\"woocommerce-Price-amount amount\"><bdi>40,00&nbsp;<span class=\"woocommerce-Price-currencySymbol\">&euro;<\/span><\/bdi><\/span><\/del> <span class=\"screen-reader-text\">Le prix initial \u00e9tait\u00a0: 40,00&nbsp;&euro;.<\/span><ins aria-hidden=\"true\"><span class=\"woocommerce-Price-amount amount\"><bdi>38,00&nbsp;<span class=\"woocommerce-Price-currencySymbol\">&euro;<\/span><\/bdi><\/span><\/ins><span class=\"screen-reader-text\">Le prix actuel est\u00a0: 38,00&nbsp;&euro;.<\/span><\/span>\n                <div class=\"product-caption-bottom\">\n                            <div class=\"quantity\">\n                <label class=\"screen-reader-text\" for=\"quantity_69e8d27e530c6\">petit panier pour un mois quantity<\/label>\n        <input\n            type=\"number\"\n            id=\"quantity_69e8d27e530c6\"\n            class=\"input-text qty text\"\n            step=\"1\"\n            min=\"1\"\n            max=\"10\"\n            name=\"quantity\"\n            value=\"1\"\n            title=\"Qty\"\n            placeholder=\"\"\n            inputmode=\"numeric\" \/>\n            <\/div>\n    <a href=\"?add-to-cart=10812\" aria-describedby=\"woocommerce_loop_add_to_cart_link_describedby_10812\" data-quantity=\"1\" class=\"button product_type_simple add_to_cart_button ajax_add_to_cart\" data-product_id=\"10812\" data-product_sku=\"\" aria-label=\"Ajouter au panier\u00a0: &ldquo;petit panier pour un mois&rdquo;\" rel=\"nofollow\" data-success_message=\"\u00ab\u00a0petit panier pour un mois\u00a0\u00bb a \u00e9t\u00e9 ajout\u00e9 \u00e0 votre panier\">Ajouter au panier<\/a>\t<span id=\"woocommerce_loop_add_to_cart_link_describedby_10812\" class=\"screen-reader-text\">\n\t\t\t<\/span>\n            <\/div>\n        <\/div><\/div><\/li>\n<li class=\"product type-product post-10813 status-publish instock product_cat-paniers-de-saison has-post-thumbnail sale taxable shipping-taxable purchasable product-type-simple\">\n\t<div class=\"product-block\">        <div class=\"product-transition\">\n\t<span class=\"onsale\">-13%<\/span>\n\t<div class=\"product-image\"><img fetchpriority=\"high\" decoding=\"async\" width=\"980\" height=\"1307\" src=\"https:\/\/i0.wp.com\/lejardindelaperriere.bzh\/wp-content\/uploads\/2022\/11\/39905-scaled.jpg?resize=980%2C1307&#038;ssl=1\" class=\"attachment-shop_catalog size-shop_catalog\" alt=\"\" srcset=\"https:\/\/i0.wp.com\/lejardindelaperriere.bzh\/wp-content\/uploads\/2022\/11\/39905-scaled.jpg?w=1920&amp;ssl=1 1920w, https:\/\/i0.wp.com\/lejardindelaperriere.bzh\/wp-content\/uploads\/2022\/11\/39905-scaled.jpg?resize=225%2C300&amp;ssl=1 225w, https:\/\/i0.wp.com\/lejardindelaperriere.bzh\/wp-content\/uploads\/2022\/11\/39905-scaled.jpg?resize=768%2C1024&amp;ssl=1 768w, https:\/\/i0.wp.com\/lejardindelaperriere.bzh\/wp-content\/uploads\/2022\/11\/39905-scaled.jpg?resize=1152%2C1536&amp;ssl=1 1152w, https:\/\/i0.wp.com\/lejardindelaperriere.bzh\/wp-content\/uploads\/2022\/11\/39905-scaled.jpg?resize=1536%2C2048&amp;ssl=1 1536w, https:\/\/i0.wp.com\/lejardindelaperriere.bzh\/wp-content\/uploads\/2022\/11\/39905-scaled.jpg?resize=800%2C1067&amp;ssl=1 800w\" sizes=\"(max-width: 980px) 100vw, 980px\" data-recalc-dims=\"1\" \/><\/div>        <div class=\"group-action\">\n            <div class=\"shop-action\">\n                <button class=\"woosw-btn woosw-btn-10813\" data-id=\"10813\" data-product_name=\"panier pour vous et vos proches, un mois\" data-product_image=\"https:\/\/i0.wp.com\/lejardindelaperriere.bzh\/wp-content\/uploads\/2022\/11\/39905-scaled.jpg?resize=150%2C150&amp;ssl=1\" aria-label=\"Add to wishlist\">Add to wishlist<\/button><button class=\"woosq-btn woosq-btn-10813\" data-id=\"10813\" data-effect=\"mfp-3d-unfold\" data-context=\"default\">Quick view<\/button><button class=\"woosc-btn woosc-btn-10813 \" data-id=\"10813\" data-product_name=\"panier pour vous et vos proches, un mois\" data-product_image=\"https:\/\/i0.wp.com\/lejardindelaperriere.bzh\/wp-content\/uploads\/2022\/11\/39905-scaled.jpg?resize=150%2C150&amp;ssl=1\">Compare<\/button>            <\/div>\n        <\/div>\n        <a href=\"https:\/\/lejardindelaperriere.bzh\/?product=panier-pour-vous-et-vos-proches-un-mois\" class=\"woocommerce-LoopProduct-link woocommerce-loop-product__link\"><\/a><\/div>\n        <div class=\"product-caption\"><div class=\"posted-in\"><a href=\"https:\/\/lejardindelaperriere.bzh\/?product_cat=paniers-de-saison\" rel=\"tag\">Paniers de Saison<\/a><\/div><h3 class=\"woocommerce-loop-product__title\"><a href=\"https:\/\/lejardindelaperriere.bzh\/?product=panier-pour-vous-et-vos-proches-un-mois\">panier pour vous et vos proches, un mois<\/a><\/h3>\n\t<span class=\"price\"><del aria-hidden=\"true\"><span class=\"woocommerce-Price-amount amount\"><bdi>80,00&nbsp;<span class=\"woocommerce-Price-currencySymbol\">&euro;<\/span><\/bdi><\/span><\/del> <span class=\"screen-reader-text\">Le prix initial \u00e9tait\u00a0: 80,00&nbsp;&euro;.<\/span><ins aria-hidden=\"true\"><span class=\"woocommerce-Price-amount amount\"><bdi>70,00&nbsp;<span class=\"woocommerce-Price-currencySymbol\">&euro;<\/span><\/bdi><\/span><\/ins><span class=\"screen-reader-text\">Le prix actuel est\u00a0: 70,00&nbsp;&euro;.<\/span><\/span>\n                <div class=\"product-caption-bottom\">\n                            <div class=\"quantity\">\n                <label class=\"screen-reader-text\" for=\"quantity_69e8d27e53ab3\">panier pour vous et vos proches, un mois quantity<\/label>\n        <input\n            type=\"number\"\n            id=\"quantity_69e8d27e53ab3\"\n            class=\"input-text qty text\"\n            step=\"1\"\n            min=\"1\"\n            max=\"999\"\n            name=\"quantity\"\n            value=\"1\"\n            title=\"Qty\"\n            placeholder=\"\"\n            inputmode=\"numeric\" \/>\n            <\/div>\n    <a href=\"?add-to-cart=10813\" aria-describedby=\"woocommerce_loop_add_to_cart_link_describedby_10813\" data-quantity=\"1\" class=\"button product_type_simple add_to_cart_button ajax_add_to_cart\" data-product_id=\"10813\" data-product_sku=\"\" aria-label=\"Ajouter au panier\u00a0: &ldquo;panier pour vous et vos proches, un mois&rdquo;\" rel=\"nofollow\" data-success_message=\"\u00ab\u00a0panier pour vous et vos proches, un mois\u00a0\u00bb a \u00e9t\u00e9 ajout\u00e9 \u00e0 votre panier\">Ajouter au panier<\/a>\t<span id=\"woocommerce_loop_add_to_cart_link_describedby_10813\" class=\"screen-reader-text\">\n\t\t\t<\/span>\n            <\/div>\n        <\/div><\/div><\/li>\n<li class=\"product type-product post-10845 status-publish last outofstock product_cat-fruits has-post-thumbnail sale taxable shipping-taxable purchasable product-type-simple\">\n\t<div class=\"product-block no-quantity-block\">        <div class=\"product-transition\">\n\t<span class=\"onsale\">-16%<\/span>\n\t<span class=\"stock-label\">Out Of Stock<\/span><div class=\"product-image\"><img decoding=\"async\" width=\"980\" height=\"735\" src=\"https:\/\/i0.wp.com\/lejardindelaperriere.bzh\/wp-content\/uploads\/2023\/07\/59757-scaled.jpg?resize=980%2C735&#038;ssl=1\" class=\"attachment-shop_catalog size-shop_catalog\" alt=\"\" srcset=\"https:\/\/i0.wp.com\/lejardindelaperriere.bzh\/wp-content\/uploads\/2023\/07\/59757-scaled.jpg?w=2560&amp;ssl=1 2560w, https:\/\/i0.wp.com\/lejardindelaperriere.bzh\/wp-content\/uploads\/2023\/07\/59757-scaled.jpg?resize=300%2C225&amp;ssl=1 300w, https:\/\/i0.wp.com\/lejardindelaperriere.bzh\/wp-content\/uploads\/2023\/07\/59757-scaled.jpg?resize=1024%2C768&amp;ssl=1 1024w, https:\/\/i0.wp.com\/lejardindelaperriere.bzh\/wp-content\/uploads\/2023\/07\/59757-scaled.jpg?resize=768%2C576&amp;ssl=1 768w, https:\/\/i0.wp.com\/lejardindelaperriere.bzh\/wp-content\/uploads\/2023\/07\/59757-scaled.jpg?resize=1536%2C1152&amp;ssl=1 1536w, https:\/\/i0.wp.com\/lejardindelaperriere.bzh\/wp-content\/uploads\/2023\/07\/59757-scaled.jpg?resize=2048%2C1536&amp;ssl=1 2048w, https:\/\/i0.wp.com\/lejardindelaperriere.bzh\/wp-content\/uploads\/2023\/07\/59757-scaled.jpg?resize=800%2C600&amp;ssl=1 800w, https:\/\/i0.wp.com\/lejardindelaperriere.bzh\/wp-content\/uploads\/2023\/07\/59757-scaled.jpg?w=1960&amp;ssl=1 1960w\" sizes=\"(max-width: 980px) 100vw, 980px\" data-recalc-dims=\"1\" \/><\/div>        <div class=\"group-action\">\n            <div class=\"shop-action\">\n                <button class=\"woosw-btn woosw-btn-10845\" data-id=\"10845\" data-product_name=\"tomates population par 2kg\" data-product_image=\"https:\/\/i0.wp.com\/lejardindelaperriere.bzh\/wp-content\/uploads\/2023\/07\/59757-scaled.jpg?resize=150%2C150&amp;ssl=1\" aria-label=\"Add to wishlist\">Add to wishlist<\/button><button class=\"woosq-btn woosq-btn-10845\" data-id=\"10845\" data-effect=\"mfp-3d-unfold\" data-context=\"default\">Quick view<\/button><button class=\"woosc-btn woosc-btn-10845 \" data-id=\"10845\" data-product_name=\"tomates population par 2kg\" data-product_image=\"https:\/\/i0.wp.com\/lejardindelaperriere.bzh\/wp-content\/uploads\/2023\/07\/59757-scaled.jpg?resize=150%2C150&amp;ssl=1\">Compare<\/button>            <\/div>\n        <\/div>\n        <a href=\"https:\/\/lejardindelaperriere.bzh\/?product=tomates-population-2\" class=\"woocommerce-LoopProduct-link woocommerce-loop-product__link\"><\/a><\/div>\n        <div class=\"product-caption\"><div class=\"posted-in\"><a href=\"https:\/\/lejardindelaperriere.bzh\/?product_cat=fruits\" rel=\"tag\">Fruits<\/a><\/div><h3 class=\"woocommerce-loop-product__title\"><a href=\"https:\/\/lejardindelaperriere.bzh\/?product=tomates-population-2\">tomates population par 2kg<\/a><\/h3>\n\t<span class=\"price\"><del aria-hidden=\"true\"><span class=\"woocommerce-Price-amount amount\"><bdi>6,10&nbsp;<span class=\"woocommerce-Price-currencySymbol\">&euro;<\/span><\/bdi><\/span><\/del> <span class=\"screen-reader-text\">Le prix initial \u00e9tait\u00a0: 6,10&nbsp;&euro;.<\/span><ins aria-hidden=\"true\"><span class=\"woocommerce-Price-amount amount\"><bdi>5,10&nbsp;<span class=\"woocommerce-Price-currencySymbol\">&euro;<\/span><\/bdi><\/span><\/ins><span class=\"screen-reader-text\">Le prix actuel est\u00a0: 5,10&nbsp;&euro;.<\/span><\/span>\n            <div class=\"product-caption-bottom no-quantity\">\n                            <div class=\"quantity\">\n                <label class=\"screen-reader-text\" for=\"quantity_69e8d27e544d0\">tomates population par 2kg quantity<\/label>\n        <input\n            type=\"number\"\n            id=\"quantity_69e8d27e544d0\"\n            class=\"input-text qty text\"\n            step=\"1\"\n            min=\"1\"\n            max=\"999\"\n            name=\"quantity\"\n            value=\"1\"\n            title=\"Qty\"\n            placeholder=\"\"\n            inputmode=\"numeric\" \/>\n            <\/div>\n    <a href=\"https:\/\/lejardindelaperriere.bzh\/?product=tomates-population-2\" aria-describedby=\"woocommerce_loop_add_to_cart_link_describedby_10845\" data-quantity=\"1\" class=\"button product_type_simple\" data-product_id=\"10845\" data-product_sku=\"\" aria-label=\"En savoir plus sur &ldquo;tomates population par 2kg&rdquo;\" rel=\"nofollow\" data-success_message=\"\">Lire la suite<\/a>\t<span id=\"woocommerce_loop_add_to_cart_link_describedby_10845\" class=\"screen-reader-text\">\n\t\t\t<\/span>\n            <\/div>\n        <\/div><\/div><\/li>\n<\/ul>\n<\/div><p>[add_sidebar_shop]<\/p><p><\/p>","protected":false},"excerpt":{"rendered":"","protected":false},"author":1,"featured_media":0,"parent":0,"menu_order":0,"comment_status":"closed","ping_status":"closed","template":"","meta":{"inline_featured_image":false,"jetpack_post_was_ever_published":false,"footnotes":""},"class_list":["post-9244","page","type-page","status-publish","hentry"],"jetpack_sharing_enabled":true,"_links":{"self":[{"href":"https:\/\/lejardindelaperriere.bzh\/index.php?rest_route=\/wp\/v2\/pages\/9244","targetHints":{"allow":["GET"]}}],"collection":[{"href":"https:\/\/lejardindelaperriere.bzh\/index.php?rest_route=\/wp\/v2\/pages"}],"about":[{"href":"https:\/\/lejardindelaperriere.bzh\/index.php?rest_route=\/wp\/v2\/types\/page"}],"author":[{"embeddable":true,"href":"https:\/\/lejardindelaperriere.bzh\/index.php?rest_route=\/wp\/v2\/users\/1"}],"replies":[{"embeddable":true,"href":"https:\/\/lejardindelaperriere.bzh\/index.php?rest_route=%2Fwp%2Fv2%2Fcomments&post=9244"}],"version-history":[{"count":1,"href":"https:\/\/lejardindelaperriere.bzh\/index.php?rest_route=\/wp\/v2\/pages\/9244\/revisions"}],"predecessor-version":[{"id":10531,"href":"https:\/\/lejardindelaperriere.bzh\/index.php?rest_route=\/wp\/v2\/pages\/9244\/revisions\/10531"}],"wp:attachment":[{"href":"https:\/\/lejardindelaperriere.bzh\/index.php?rest_route=%2Fwp%2Fv2%2Fmedia&parent=9244"}],"curies":[{"name":"wp","href":"https:\/\/api.w.org\/{rel}","templated":true}]}}