{"id":3,"date":"2022-07-15T20:53:04","date_gmt":"2022-07-15T20:53:04","guid":{"rendered":"https:\/\/lejardindelaperriere.bzh\/srv\/d_lab\/home\/lejardindelaperriere\/public_html\/?page_id=3"},"modified":"2022-11-30T12:31:09","modified_gmt":"2022-11-30T12:31:09","slug":"cgu","status":"publish","type":"page","link":"https:\/\/lejardindelaperriere.bzh\/?page_id=3","title":{"rendered":"Conditions G\u00e9n\u00e9rales d&rsquo;Utilisation"},"content":{"rendered":"<p>Objet<\/p><p>Les pr\u00e9sentes conditions g\u00e9n\u00e9rales de vente visent \u00e0 pr\u00e9ciser les droits<br>et obligations de l\u2019acheteur \u00e0 l\u2019\u00e9gard des produits vendus sur notre<br>site, dans le cadre d\u2019un syst\u00e8me de vente \u00e0 distance. Le contrat \u00e9tabli<br>en cas de commande effective rel\u00e8ve de la r\u00e8glementation de la vente \u00e0<br>distance telle qu\u2019elle r\u00e9sulte notamment du code de la consommation<br>ainsi que des dispositions mentionn\u00e9es ci-apr\u00e8s.<\/p><p>Les informations donn\u00e9es par l\u2019acheteur au moment de sa commande sur le<br>site engagent ce dernier.<\/p><p>Compl\u00e9ment au panier<\/p><p>Le client a la possibilit\u00e9 de commander un compl\u00e9ment au panier de base.<br>Toute commande doit se faire par t\u00e9l\u00e9phone au 06.42.84.46.01 Le<br>compl\u00e9ment au panier est \u00e0 r\u00e9gler au moment de la livraison.<\/p><p>Confirmation de commandes<\/p><p>Le contrat entre en vigueur d\u00e8s que le client a pass\u00e9 sa commande et que<br>le paiement a \u00e9t\u00e9 effectu\u00e9. Un e-mail de confirmation lui est alors<br>envoy\u00e9. A partir de ce moment, l\u2019annulation de la commande ne sera plus<br>possible. Tant que l\u2019e-mail de confirmation n\u2019est pas envoy\u00e9, il n\u2019y a<br>pas de livraison possible.<br><\/p><p>Prix<\/p><p>Le prix de chaque produit est indiqu\u00e9 clairement et s\u2019entend toutes<br>taxes comprises.<\/p><p>Cas de force majeure<\/p><p>Le Jardin de la Perri\u00e8re est exon\u00e9r\u00e9e de sa responsabilit\u00e9 dans tous les<br>cas de force majeure li\u00e9s \u00e0 des circonstances impr\u00e9visibles et<br>ext\u00e9rieures, notamment en cas de sinistre ou d\u2019intemp\u00e9ries reconnus, de<br>tout autre \u00e9v\u00e9nement susceptible de perturber la production et la<br>livraison des marchandises et\/ou le fonctionnement des r\u00e9seaux<br>informatiques et de l\u2019internet\u2026<br>Cette liste d\u2019\u00e9v\u00e8nements n\u2019est pas exhaustive.<br>Le vendeur tiendra l\u2019acheteur inform\u00e9 dans la mesure du possible.<br>En cas de litige, nous rechercherons avec nos Clients les meilleures<br>solutions commerciales.<\/p><p>Informations nominatives<\/p><p>Nous ne transmettons aucune donn\u00e9e personnelle \u00e0 des tiers. Vos<br>informations sont trait\u00e9es avec la plus grande confidentialit\u00e9. Nous<br>consid\u00e9rons que vos donn\u00e9es personnelles : nom, pr\u00e9nom, adresse postale,<br>num\u00e9ro de t\u00e9l\u00e9phone, adresse e-mail, sont des donn\u00e9es confidentielles.<br>Conform\u00e9ment aux dispositions l\u00e9gales, nous conservons ces informations<br>dans des conditions de s\u00e9curit\u00e9 renforc\u00e9e afin de traiter d\u2019une fa\u00e7on<br>optimale vos commandes et toutes correspondances transmises sur notre<br>site. Certaines informations demand\u00e9es ont un caract\u00e8re obligatoire, si<br>vous choisissez de ne pas nous les communiquer, nous ne pourrons pas<br>traiter correctement votre demande.<br>Les informations recueillies font l\u2019objet d\u2019un traitement informatique<br>destin\u00e9 \u00e0 \u00e9tablir une fiche client permettant la pr\u00e9paration et la<br>livraison des commandes ainsi que la possibilit\u00e9 de contacter le client.<br>Ces donn\u00e9es sont exclusivement r\u00e9serv\u00e9e au Jardin de l\u2019Arguenon.<br>Conform\u00e9ment \u00e0 la loi \u00ab informatique et libert\u00e9s \u00bb du 6 janvier 1978<br>modifi\u00e9e en 2004, vous b\u00e9n\u00e9ficiez d\u2019un droit d\u2019acc\u00e8s et de rectification<br>aux informations qui vous concernent, que vous pouvez exercer en vous<br>adressant au Jardin de la Perri\u00e8re par le formulaire de contact.<br>Vous pouvez \u00e9galement, pour des motifs l\u00e9gitimes, vous opposer au<br>traitement des donn\u00e9es vous concernant.<\/p>","protected":false},"excerpt":{"rendered":"<p>Objet Les pr\u00e9sentes conditions g\u00e9n\u00e9rales de vente visent \u00e0 pr\u00e9ciser les droitset obligations de l\u2019acheteur \u00e0 l\u2019\u00e9gard des produits vendus sur notresite, dans le cadre d\u2019un syst\u00e8me de vente \u00e0 distance. Le contrat \u00e9tablien cas de commande effective rel\u00e8ve de la r\u00e8glementation de la vente \u00e0distance telle qu\u2019elle r\u00e9sulte notamment du code de la consommationainsi [&hellip;]<\/p>\n","protected":false},"author":1,"featured_media":0,"parent":0,"menu_order":0,"comment_status":"closed","ping_status":"closed","template":"","meta":{"inline_featured_image":false,"jetpack_post_was_ever_published":false,"footnotes":""},"class_list":["post-3","page","type-page","status-publish","hentry"],"jetpack_sharing_enabled":true,"_links":{"self":[{"href":"https:\/\/lejardindelaperriere.bzh\/index.php?rest_route=\/wp\/v2\/pages\/3","targetHints":{"allow":["GET"]}}],"collection":[{"href":"https:\/\/lejardindelaperriere.bzh\/index.php?rest_route=\/wp\/v2\/pages"}],"about":[{"href":"https:\/\/lejardindelaperriere.bzh\/index.php?rest_route=\/wp\/v2\/types\/page"}],"author":[{"embeddable":true,"href":"https:\/\/lejardindelaperriere.bzh\/index.php?rest_route=\/wp\/v2\/users\/1"}],"replies":[{"embeddable":true,"href":"https:\/\/lejardindelaperriere.bzh\/index.php?rest_route=%2Fwp%2Fv2%2Fcomments&post=3"}],"version-history":[{"count":5,"href":"https:\/\/lejardindelaperriere.bzh\/index.php?rest_route=\/wp\/v2\/pages\/3\/revisions"}],"predecessor-version":[{"id":10676,"href":"https:\/\/lejardindelaperriere.bzh\/index.php?rest_route=\/wp\/v2\/pages\/3\/revisions\/10676"}],"wp:attachment":[{"href":"https:\/\/lejardindelaperriere.bzh\/index.php?rest_route=%2Fwp%2Fv2%2Fmedia&parent=3"}],"curies":[{"name":"wp","href":"https:\/\/api.w.org\/{rel}","templated":true}]}}