{"id":10496,"date":"2021-10-12T03:07:55","date_gmt":"2021-10-12T03:07:55","guid":{"rendered":"https:\/\/demo2wpopal.b-cdn.net\/ecolive\/?page_id=11"},"modified":"2022-11-30T12:17:43","modified_gmt":"2022-11-30T12:17:43","slug":"mentions-legales","status":"publish","type":"page","link":"https:\/\/lejardindelaperriere.bzh\/?page_id=10496","title":{"rendered":"Mentions L\u00e9gales"},"content":{"rendered":"<p>Le pr\u00e9sent site internet est \u00e9dit\u00e9 par Jonathan Chabert pour les Jardins de la Perri\u00e8re affaire personnelle exploitant agricole, SIRET\u00a078955948100013, \u00a0RCS 789 559 481,\u00a0Launay Chauvin, \u00a022270 Pl\u00e9d\u00e9liac.<\/p>","protected":false},"excerpt":{"rendered":"<p>Le pr\u00e9sent site internet est \u00e9dit\u00e9 par Jonathan Chabert pour les Jardins de la Perri\u00e8re affaire personnelle exploitant agricole, SIRET\u00a078955948100013, \u00a0RCS 789 559 481,\u00a0Launay Chauvin, \u00a022270 Pl\u00e9d\u00e9liac.<\/p>\n","protected":false},"author":1,"featured_media":0,"parent":0,"menu_order":0,"comment_status":"closed","ping_status":"closed","template":"","meta":{"inline_featured_image":false,"jetpack_post_was_ever_published":false,"footnotes":""},"class_list":["post-10496","page","type-page","status-publish","hentry"],"jetpack_sharing_enabled":true,"_links":{"self":[{"href":"https:\/\/lejardindelaperriere.bzh\/index.php?rest_route=\/wp\/v2\/pages\/10496","targetHints":{"allow":["GET"]}}],"collection":[{"href":"https:\/\/lejardindelaperriere.bzh\/index.php?rest_route=\/wp\/v2\/pages"}],"about":[{"href":"https:\/\/lejardindelaperriere.bzh\/index.php?rest_route=\/wp\/v2\/types\/page"}],"author":[{"embeddable":true,"href":"https:\/\/lejardindelaperriere.bzh\/index.php?rest_route=\/wp\/v2\/users\/1"}],"replies":[{"embeddable":true,"href":"https:\/\/lejardindelaperriere.bzh\/index.php?rest_route=%2Fwp%2Fv2%2Fcomments&post=10496"}],"version-history":[{"count":2,"href":"https:\/\/lejardindelaperriere.bzh\/index.php?rest_route=\/wp\/v2\/pages\/10496\/revisions"}],"predecessor-version":[{"id":10679,"href":"https:\/\/lejardindelaperriere.bzh\/index.php?rest_route=\/wp\/v2\/pages\/10496\/revisions\/10679"}],"wp:attachment":[{"href":"https:\/\/lejardindelaperriere.bzh\/index.php?rest_route=%2Fwp%2Fv2%2Fmedia&parent=10496"}],"curies":[{"name":"wp","href":"https:\/\/api.w.org\/{rel}","templated":true}]}}